{"id":45,"date":"2024-01-02T16:54:47","date_gmt":"2024-01-02T16:54:47","guid":{"rendered":"http:\/\/cartong.localhost\/?page_id=45"},"modified":"2024-03-29T17:15:51","modified_gmt":"2024-03-29T16:15:51","slug":"geong-2022","status":"publish","type":"page","link":"https:\/\/www.cartong.org\/en\/geong-2022\/","title":{"rendered":"GeOnG 2022"},"content":{"rendered":"\n<h2 class=\"wp-block-heading has-text-align-center\">About<\/h2>\n\n\n\n<div class=\"wp-block-coopi-media-text\"><figure class=\"wp-block-media-text__media\"><img loading=\"lazy\" decoding=\"async\" width=\"327\" height=\"188\" src=\"https:\/\/www.cartong.org\/app\/uploads\/2024\/01\/Group-294.png\" alt=\"\" class=\"wp-image-2035 size-undefined\" \/><\/figure><div class=\"wp-block-media-text__content\">\n<h3 class=\"wp-block-heading\">What is the GeOnG?<\/h3>\n\n\n\n<p><strong>Organized by CartONG every two years<\/strong>, the&nbsp;GeOnG forum&nbsp;gathers humanitarian and development actors and information management professionals to: <\/p>\n\n\n\n<p><\/p>\n\n\n\n<ul class=\"wp-block-list\">\n<li><strong>discuss the current and future stakes<\/strong> of the sector,<\/li>\n\n\n\n<li><strong>introduce relevant and innovative solutions,<\/strong><\/li>\n\n\n\n<li>and <strong>share experiences<\/strong> and best practices.<\/li>\n<\/ul>\n<\/div><\/div>\n\n\n\n<h3 class=\"wp-block-heading has-text-align-center\">In 2022 : <strong>\u201cDo no harm\u201d in the era of environmental emergency<\/strong><\/h3>\n\n\n\n<p>Across sectors of activities, we have been hearing for almost two decades now a recurring maxim: \u201cdata is the new oil\u201d. <strong>How to best manage data has also become a central question<\/strong> in the aid sector, that has followed the trend of becoming data-driven.&nbsp;<\/p>\n\n\n\n<figure class=\"wp-block-coopi-embed is-type-video is-provider-youtube wp-block-coopi-embed-youtube embed-aspect-16-9 wp-has-aspect-ratio\"><div class=\"wp-block-coopi-embed__wrapper\">\n<iframe loading=\"lazy\" title=\"GeOnG forum - Get a glimpse of the 2022 edition!\" width=\"500\" height=\"281\" src=\"https:\/\/www.youtube.com\/embed\/QiFuZEqnQsw?feature=oembed\" frameborder=\"0\" allow=\"accelerometer; autoplay; clipboard-write; encrypted-media; gyroscope; picture-in-picture; web-share\" referrerpolicy=\"strict-origin-when-cross-origin\" allowfullscreen><\/iframe>\n<\/div><\/figure>\n\n\n\n<div class=\"wp-block-coopi-buttons\">\n<div class=\"wp-block-coopi-button\"><a class=\"wp-coopi-block-button__link wp-element-button\" href=\"https:\/\/www.cartong.org\/en\/geong-2022\/theme-edition-2022\/\">Read more on the main theme<\/a><\/div>\n<\/div>\n\n\n\n<div class=\"wp-block-coopi-section\">\n<h2 class=\"wp-block-heading has-text-align-center\">Where<\/h2>\n\n\n\n<div class=\"wp-block-coopi-media-text\"><figure class=\"wp-block-media-text__media\"><img loading=\"lazy\" decoding=\"async\" width=\"202\" height=\"102\" src=\"https:\/\/www.cartong.org\/app\/uploads\/2024\/01\/illu-21.svg\" alt=\"\" class=\"wp-image-2037 size-undefined\" \/><\/figure><div class=\"wp-block-media-text__content\">\n<p>The GeOnG forum 2022 took place at the <strong>Centre de Congr\u00e8s Le Man\u00e8ge, in Chamb\u00e9ry <\/strong>(331 rue de la R\u00e9publique, 73000 Chamb\u00e9ry). Remote participation was also possible. <\/p>\n<\/div><\/div>\n<\/div>\n\n\n\n<div class=\"wp-block-coopi-section\">\n<h2 class=\"wp-block-heading has-text-align-center\">Topics and sessions<\/h2>\n\n\n\n<div class=\"wp-block-coopi-media-text\"><figure class=\"wp-block-media-text__media\"><img loading=\"lazy\" decoding=\"async\" width=\"198\" height=\"152\" src=\"https:\/\/www.cartong.org\/app\/uploads\/2024\/01\/illu-11.svg\" alt=\"\" class=\"wp-image-2038 size-undefined\" \/><\/figure><div class=\"wp-block-media-text__content\">\n<p>The GeOnG forum is 3 days of conferences and workshops from October 24 to 26. On the program: exchange of mapping practices, debates on humanitarian issues. Topics covered:<\/p>\n\n\n\n<p><\/p>\n\n\n\n<ul class=\"wp-block-list\">\n<li><strong>Information sobriety, <\/strong>data minimization, low tech and green tech<\/li>\n<\/ul>\n\n\n\n<p><\/p>\n\n\n\n<ul class=\"wp-block-list\">\n<li><strong>Information and localization: <\/strong>autonomization, empowerment, participation <\/li>\n<\/ul>\n\n\n\n<p><\/p>\n\n\n\n<ul class=\"wp-block-list\">\n<li>Information Management and its role to reveal or better respond to the <strong>environmental crisis<\/strong><\/li>\n<\/ul>\n\n\n\n<p><\/p>\n\n\n\n<ul class=\"wp-block-list\">\n<li><strong>Collaboration <\/strong>and more sustainable and resilient systems<\/li>\n<\/ul>\n<\/div><\/div>\n\n\n\n<div class=\"wp-block-coopi-media-text has-media-on-the-right\"><div class=\"wp-block-media-text__content\">\n<p>The types of sessions included: <\/p>\n\n\n\n<p><\/p>\n\n\n\n<ul class=\"wp-block-list\">\n<li><strong>Speed Geeking<\/strong> &#8211; 15 minutes repeated, presentation of one idea and time for feedback in a sit-down meeting<\/li>\n<\/ul>\n\n\n\n<p><\/p>\n\n\n\n<ul class=\"wp-block-list\">\n<li><strong>Round table<\/strong> &#8211; 1h30, professional and experts discussing on key topics with Q&amp;A <\/li>\n<\/ul>\n\n\n\n<p><\/p>\n\n\n\n<ul class=\"wp-block-list\">\n<li><strong>Lightning Talk <\/strong>&#8211; 5 minutes, short presentation on a tool or project <\/li>\n<\/ul>\n\n\n\n<p><\/p>\n\n\n\n<ul class=\"wp-block-list\">\n<li><strong>Workshop<\/strong> &#8211; 1h30, training sessions<\/li>\n<\/ul>\n\n\n\n<p><\/p>\n\n\n\n<ul class=\"wp-block-list\">\n<li><strong>Fail Fest<\/strong> &#8211; 15 minutes, plenary presentation celebrating failure as a mark of leadership <\/li>\n<\/ul>\n<\/div><figure class=\"wp-block-media-text__media\"><img loading=\"lazy\" decoding=\"async\" width=\"145\" height=\"126\" src=\"https:\/\/www.cartong.org\/app\/uploads\/sites\/2\/2024\/03\/illu-24.svg\" alt=\"\" class=\"wp-image-2759 size-undefined\" \/><\/figure><\/div>\n<\/div>\n\n\n\n<div class=\"wp-block-coopi-section\">\n<h2 class=\"wp-block-heading has-text-align-center\">Sponsors<\/h2>\n\n\n\n<p class=\"has-text-align-center\">This edition wouldn&#8217;t have been possible without the invaluable support of our sponsors:<\/p>\n\n\n\n\n\n<div class=\"wp-block-coopi-buttons\">\n<div class=\"wp-block-coopi-button\"><a class=\"wp-coopi-block-button__link wp-element-button\" href=\"https:\/\/www.cartong.org\/en\/geong-2022\/sponsors\/\">See all our sponsors<\/a><\/div>\n<\/div>\n<\/div>\n","protected":false},"excerpt":{"rendered":"<p>8th humanitarian and development data forum<\/p>\n","protected":false},"author":1,"featured_media":0,"parent":0,"menu_order":9,"comment_status":"closed","ping_status":"closed","template":"page-geong.php","meta":{"_acf_changed":false,"footnotes":""},"class_list":["post-45","page","type-page","status-publish","hentry"],"acf":[],"_links":{"self":[{"href":"https:\/\/www.cartong.org\/en\/wp-json\/wp\/v2\/pages\/45","targetHints":{"allow":["GET"]}}],"collection":[{"href":"https:\/\/www.cartong.org\/en\/wp-json\/wp\/v2\/pages"}],"about":[{"href":"https:\/\/www.cartong.org\/en\/wp-json\/wp\/v2\/types\/page"}],"author":[{"embeddable":true,"href":"https:\/\/www.cartong.org\/en\/wp-json\/wp\/v2\/users\/1"}],"replies":[{"embeddable":true,"href":"https:\/\/www.cartong.org\/en\/wp-json\/wp\/v2\/comments?post=45"}],"version-history":[{"count":0,"href":"https:\/\/www.cartong.org\/en\/wp-json\/wp\/v2\/pages\/45\/revisions"}],"wp:attachment":[{"href":"https:\/\/www.cartong.org\/en\/wp-json\/wp\/v2\/media?parent=45"}],"curies":[{"name":"wp","href":"https:\/\/api.w.org\/{rel}","templated":true}]}}